{"id":18,"date":"2016-08-29T13:38:31","date_gmt":"2016-08-29T11:38:31","guid":{"rendered":"http:\/\/www.endomunteanu.cz\/?page_id=18"},"modified":"2020-06-09T11:01:20","modified_gmt":"2020-06-09T09:01:20","slug":"prehled-vysetreni","status":"publish","type":"page","link":"https:\/\/www.endomunteanu.cz\/?page_id=18","title":{"rendered":"P\u0159ehled vy\u0161et\u0159en\u00ed"},"content":{"rendered":"<p><strong>Prov\u00e1d\u00edme kompletn\u00ed endokrinologick\u00e9 vy\u0161et\u0159en\u00ed:<\/strong><br \/>\nOnemocn\u011bn\u00ed \u0161t\u00edtn\u00e9 \u017el\u00e1zy-funk\u010dn\u00ed poruchy, vy\u0161et\u0159en\u00ed ultrazvukem, v\u010detn\u011b biopsie uzl\u016f<br \/>\nOnemocn\u011bn\u00ed p\u0159\u00ed\u0161t\u00edtn\u00fdch t\u011bl\u00edsek a vy\u0161et\u0159en\u00ed kalciofosf\u00e1toveho metabolismu<br \/>\nOnemocn\u011bn\u00ed hypof\u00fdzy (podv\u011bsku mozkov\u00e9ho)<br \/>\nOnemocn\u011bn\u00ed nadledvin v\u010detn\u011b diferenci\u00e1ln\u00ed diagnostiky sekund\u00e1rn\u00ed hypertenze<br \/>\nOnemocn\u011bn\u00ed reproduk\u010dn\u00edch org\u00e1n\u016f-poruchy menstrua\u010dn\u00edho cyklu, sterilita u \u017een i mu\u017e\u016f<br \/>\nDiagnostika a l\u00e9\u010dba osteopor\u00f3zy<br \/>\nVy\u0161et\u0159en\u00ed mu\u017e\u016f s gynekomasti\u00ed<br \/>\nVy\u0161et\u0159en\u00ed pacient\u016f s transsexualismem<br \/>\nVy\u0161et\u0159en\u00ed pacient\u016f s podez\u0159en\u00edm na neuroendokrinn\u00ed tumory<\/p>\n","protected":false},"excerpt":{"rendered":"<p>Prov\u00e1d\u00edme kompletn\u00ed endokrinologick\u00e9 vy\u0161et\u0159en\u00ed: Onemocn\u011bn\u00ed \u0161t\u00edtn\u00e9 \u017el\u00e1zy-funk\u010dn\u00ed poruchy, vy\u0161et\u0159en\u00ed ultrazvukem, v\u010detn\u011b biopsie uzl\u016f Onemocn\u011bn\u00ed p\u0159\u00ed\u0161t\u00edtn\u00fdch t\u011bl\u00edsek a vy\u0161et\u0159en\u00ed kalciofosf\u00e1toveho metabolismu Onemocn\u011bn\u00ed hypof\u00fdzy (podv\u011bsku mozkov\u00e9ho) Onemocn\u011bn\u00ed nadledvin v\u010detn\u011b diferenci\u00e1ln\u00ed diagnostiky sekund\u00e1rn\u00ed hypertenze Onemocn\u011bn\u00ed reproduk\u010dn\u00edch org\u00e1n\u016f-poruchy menstrua\u010dn\u00edho cyklu, sterilita u \u017een i mu\u017e\u016f Diagnostika a l\u00e9\u010dba osteopor\u00f3zy Vy\u0161et\u0159en\u00ed mu\u017e\u016f s gynekomasti\u00ed Vy\u0161et\u0159en\u00ed pacient\u016f s transsexualismem Vy\u0161et\u0159en\u00ed pacient\u016f &hellip; <a href=\"https:\/\/www.endomunteanu.cz\/?page_id=18\" class=\"more-link\">Pokra\u010dov\u00e1n\u00ed textu <span class=\"screen-reader-text\">P\u0159ehled vy\u0161et\u0159en\u00ed<\/span><\/a><\/p>\n","protected":false},"author":1,"featured_media":0,"parent":0,"menu_order":0,"comment_status":"closed","ping_status":"closed","template":"","meta":{"footnotes":""},"class_list":["post-18","page","type-page","status-publish","hentry"],"_links":{"self":[{"href":"https:\/\/www.endomunteanu.cz\/index.php?rest_route=\/wp\/v2\/pages\/18"}],"collection":[{"href":"https:\/\/www.endomunteanu.cz\/index.php?rest_route=\/wp\/v2\/pages"}],"about":[{"href":"https:\/\/www.endomunteanu.cz\/index.php?rest_route=\/wp\/v2\/types\/page"}],"author":[{"embeddable":true,"href":"https:\/\/www.endomunteanu.cz\/index.php?rest_route=\/wp\/v2\/users\/1"}],"replies":[{"embeddable":true,"href":"https:\/\/www.endomunteanu.cz\/index.php?rest_route=%2Fwp%2Fv2%2Fcomments&post=18"}],"version-history":[{"count":4,"href":"https:\/\/www.endomunteanu.cz\/index.php?rest_route=\/wp\/v2\/pages\/18\/revisions"}],"predecessor-version":[{"id":325,"href":"https:\/\/www.endomunteanu.cz\/index.php?rest_route=\/wp\/v2\/pages\/18\/revisions\/325"}],"wp:attachment":[{"href":"https:\/\/www.endomunteanu.cz\/index.php?rest_route=%2Fwp%2Fv2%2Fmedia&parent=18"}],"curies":[{"name":"wp","href":"https:\/\/api.w.org\/{rel}","templated":true}]}}