{"id":31,"date":"2016-08-29T20:49:50","date_gmt":"2016-08-29T18:49:50","guid":{"rendered":"http:\/\/www.endomunteanu.cz\/?page_id=31"},"modified":"2023-09-08T07:50:34","modified_gmt":"2023-09-08T05:50:34","slug":"kontakty","status":"publish","type":"page","link":"https:\/\/www.endomunteanu.cz\/?page_id=31","title":{"rendered":"Kontakty"},"content":{"rendered":"<p><a href=\"https:\/\/www.endomunteanu.cz\/?page_id=31\">775 871 751<\/a><br \/>\n<a href=\"https:\/\/www.endomunteanu.cz\/?page_id=31\">775 871 752<\/a><br \/>\n&#8211; volejte pros\u00edm v\u017edy v ordina\u010dn\u00ed hodiny po 8. hodin\u011b, v pond\u011bl\u00ed po 12. hodin\u011b<br \/>\nordina\u010dn\u00ed hodiny <a href=\"https:\/\/www.endomunteanu.cz\/?page_id=14\">zde<\/a><\/p>\n<p>e-mail:<br \/>\n<a href=\"https:\/\/www.endomunteanu.cz\/?page_id=31\">sestra@endomunteanu.cz<\/a><br \/>\n<a href=\"https:\/\/www.endomunteanu.cz\/?page_id=31\">lekar@endomunteanu.cz<\/a><\/p>\n<p>Na sestru sm\u011b\u0159ujte pros\u00edm dotazy stran objedn\u00e1n\u00ed, vyps\u00e1n\u00ed receptu, vystaven\u00ed zpr\u00e1vy..<\/p>\n<p><strong>Nov\u00ed pacienti k objedn\u00e1n\u00ed-<\/strong>pros\u00edme volejte, mailem se term\u00edny \u0161patn\u011b domlouvaj\u00ed, nem\u00e1me kapacitu na psan\u00ed n\u011bkolika zpr\u00e1v, d\u011bkujeme za pochopen\u00ed!<\/p>\n<p>Na l\u00e9ka\u0159e sm\u011b\u0159ujte odborn\u00e9 konzultace-mailov\u00e1 konzultace pouze pro ji\u017e registrovan\u00e9 pacienty!<\/p>\n<p>K objedn\u00e1n\u00ed byste m\u011bli m\u00edt \u017e\u00e1danku od praktick\u00e9ho \u010di jin\u00e9ho odborn\u00e9ho l\u00e9ka\u0159e. Budeme se pt\u00e1t na va\u0161e pot\u00ed\u017ee, d\u016fvod vy\u0161et\u0159en\u00ed, laboratorn\u00ed v\u00fdsledky. Dle toho posoud\u00edme nal\u00e9havost va\u0161eho vy\u0161et\u0159en\u00ed. T\u011bhotn\u00e9 pacientky vy\u0161et\u0159ujeme v\u017edy p\u0159ednostn\u011b.<\/p>\n<p><strong>Adresa<\/strong>: Hybe\u0161ova 43, Brno \u2013<a href=\"https:\/\/www.google.cz\/maps\/place\/Hybe%C5%A1ova+289%2F43,+602+00+Brno-st%C5%99ed-Star%C3%A9+Brno\/@49.1892059,16.5993264,17z\/data=!3m1!4b1!4m5!3m4!1s0x47129452fed0b657:0xc90be9fdce5052de!8m2!3d49.1892024!4d16.6015151\">mapa<\/a><br \/>\n<strong>Parkov\u00e1n\u00ed<\/strong>: Hybe\u0161ova 42 Millenium center parking <a href=\"http:\/\/cz.polomap.com\/brno\/75160\">parkov\u00e1n\u00ed<\/a><br \/>\nKope\u010dn\u00e1 22 parkovac\u00ed d\u016fm Pimki park <a href=\"https:\/\/www.google.com\/maps\/place\/Kope%C4%8Dn%C3%A1+242%2F22,+602+00+Brno-st%C5%99ed-Star%C3%A9+Brno\/@49.1903084,16.6031474,17z\/data=!3m1!4b1!4m5!3m4!1s0x47129453ed84845b:0xdffc2aa15b80ca9d!8m2!3d49.1903084!4d16.6053361\">parkov\u00e1n\u00ed<\/a><br \/>\n<strong>Dopravn\u00ed spojen\u00ed<\/strong>: tramvaj \u010d. 1, 2 \u2013 zast\u00e1vka Hybe\u0161ova<\/p>\n","protected":false},"excerpt":{"rendered":"<p>775 871 751 775 871 752 &#8211; volejte pros\u00edm v\u017edy v ordina\u010dn\u00ed hodiny po 8. hodin\u011b, v pond\u011bl\u00ed po 12. hodin\u011b ordina\u010dn\u00ed hodiny zde e-mail: sestra@endomunteanu.cz lekar@endomunteanu.cz Na sestru sm\u011b\u0159ujte pros\u00edm dotazy stran objedn\u00e1n\u00ed, vyps\u00e1n\u00ed receptu, vystaven\u00ed zpr\u00e1vy.. Nov\u00ed pacienti k objedn\u00e1n\u00ed-pros\u00edme volejte, mailem se term\u00edny \u0161patn\u011b domlouvaj\u00ed, nem\u00e1me kapacitu na psan\u00ed n\u011bkolika zpr\u00e1v, d\u011bkujeme &hellip; <a href=\"https:\/\/www.endomunteanu.cz\/?page_id=31\" class=\"more-link\">Pokra\u010dov\u00e1n\u00ed textu <span class=\"screen-reader-text\">Kontakty<\/span><\/a><\/p>\n","protected":false},"author":1,"featured_media":0,"parent":0,"menu_order":0,"comment_status":"closed","ping_status":"closed","template":"","meta":{"footnotes":""},"class_list":["post-31","page","type-page","status-publish","hentry"],"_links":{"self":[{"href":"https:\/\/www.endomunteanu.cz\/index.php?rest_route=\/wp\/v2\/pages\/31"}],"collection":[{"href":"https:\/\/www.endomunteanu.cz\/index.php?rest_route=\/wp\/v2\/pages"}],"about":[{"href":"https:\/\/www.endomunteanu.cz\/index.php?rest_route=\/wp\/v2\/types\/page"}],"author":[{"embeddable":true,"href":"https:\/\/www.endomunteanu.cz\/index.php?rest_route=\/wp\/v2\/users\/1"}],"replies":[{"embeddable":true,"href":"https:\/\/www.endomunteanu.cz\/index.php?rest_route=%2Fwp%2Fv2%2Fcomments&post=31"}],"version-history":[{"count":17,"href":"https:\/\/www.endomunteanu.cz\/index.php?rest_route=\/wp\/v2\/pages\/31\/revisions"}],"predecessor-version":[{"id":521,"href":"https:\/\/www.endomunteanu.cz\/index.php?rest_route=\/wp\/v2\/pages\/31\/revisions\/521"}],"wp:attachment":[{"href":"https:\/\/www.endomunteanu.cz\/index.php?rest_route=%2Fwp%2Fv2%2Fmedia&parent=31"}],"curies":[{"name":"wp","href":"https:\/\/api.w.org\/{rel}","templated":true}]}}